{"id":553,"date":"2018-07-05T13:47:13","date_gmt":"2018-07-05T13:47:13","guid":{"rendered":"https:\/\/www.air-cleaning-management.de\/?page_id=553"},"modified":"2018-08-23T12:46:01","modified_gmt":"2018-08-23T12:46:01","slug":"einsatzmoeglichkeiten","status":"publish","type":"page","link":"https:\/\/sinodeen.com\/de\/einsatzmoeglichkeiten\/","title":{"rendered":"Einsatzm\u00f6glichkeiten"},"content":{"rendered":"<p><strong>HAUSHALT<\/strong><br \/>\nSINODEEN\u00ae \u2013 L: Neutral oder mit Duft, Langanhaltende Wirkung<br \/>\nSINODEEN\u00ae \u2013 S: Neutral oder mit Duft, Sofortige Wirkung<\/p>\n<p><strong>GEWERBE<\/strong><br \/>\nSINODEEN\u00ae \u2013 L: Neutral oder mit Duft, Langanhaltende Wirkung<br \/>\nSINODEEN\u00ae \u2013 S: Neutral oder mit Duft, Sofortige Wirkung<\/p>\n<p><strong>INDUSTRIE<\/strong><br \/>\nSINODEEN\u00ae \u2013 L: Neutral oder mit Duft, Langanhaltende Wirkung<br \/>\nSINODEEN\u00ae \u2013 S: Neutral oder mit Duft, Sofortige Wirkung<\/p>\n<p><strong>GERUCHSADSORBER MIT REINIGENDER WIRKUNG<\/strong><br \/>\nSINODEEN\u00ae \u2013 L: Neutral oder mit Duft, Langanhaltende Wirkung<br \/>\nSINODEEN\u00ae \u2013 S: Neutral oder mit Duft, Sofortige Wirkung<\/p>\n<p><img loading=\"lazy\" decoding=\"async\" class=\"alignnone wp-image-804 size-full\" src=\"https:\/\/sinodeen.com\/wp-content\/uploads\/2018\/07\/air_cleaning_content_einsatzm\u00f6glichkeiten.jpg\" alt=\"\" width=\"1000\" height=\"667\" srcset=\"https:\/\/sinodeen.com\/wp-content\/uploads\/2018\/07\/air_cleaning_content_einsatzm\u00f6glichkeiten.jpg 1000w, https:\/\/sinodeen.com\/wp-content\/uploads\/2018\/07\/air_cleaning_content_einsatzm\u00f6glichkeiten-300x200.jpg 300w, https:\/\/sinodeen.com\/wp-content\/uploads\/2018\/07\/air_cleaning_content_einsatzm\u00f6glichkeiten-768x512.jpg 768w\" sizes=\"auto, (max-width: 1000px) 100vw, 1000px\" \/><\/p>\n<p><strong>PRIVATER BEREICH<\/strong><br \/>\nK\u00fcchen, M\u00fclleimer, Bad | WC, Schuhschrank, Bio-Tonne, Keller, Boote, Haustierhaltung, Raucherbereiche, etc.<\/p>\n<p><strong>GEWERBLICHER BEREICH<\/strong><br \/>\nK\u00fcchen, Gro\u00dfk\u00fcchen, Fettabscheider, Sanit\u00e4rbereich, Umkleider\u00e4ume, Kraftfahrzeuge, Krankenh\u00e4user, Altenheime, Gastst\u00e4tten, Autoaufbereitungen, Fitness Center, Tierhaltung, Blumengesch\u00e4fte, Pathologie, B\u00fcros, Konferenzr\u00e4ume, Squash Center, Geb\u00e4udereinigung, Praxen, Brand- und Wasserschadensanierung, etc.<\/p>\n<p><strong>INDUSTRIELLER BEREICH<\/strong><br \/>\nContainerreinigung, Fischmehlfabriken, Kl\u00e4ranlagen, Deponien, Tierk\u00f6rperbeseitigung, Emulsionsspaltanlagen, Autohersteller, Zulieferer, Chemieproduktionen, Zementwerke, Kunstoffverarbeitung, Stadtentw\u00e4sserung, Lebensmittelindustrie, Tierfutterhersteller, Abfallentsorgungen, Landwirtschaft, Lederfabriken, Schlachth\u00f6fe, Krematorium, etc.<\/p>","protected":false},"excerpt":{"rendered":"<p>HAUSHALT SINODEEN\u00ae \u2013 L: Neutral oder mit Duft, Langanhaltende Wirkung SINODEEN\u00ae \u2013 S: Neutral oder mit Duft, Sofortige Wirkung GEWERBE SINODEEN\u00ae \u2013 L: Neutral oder mit Duft, Langanhaltende Wirkung SINODEEN\u00ae \u2013 S: Neutral oder mit Duft, Sofortige Wirkung INDUSTRIE SINODEEN\u00ae \u2013 L: Neutral oder mit Duft, Langanhaltende Wirkung SINODEEN\u00ae \u2013 S: Neutral oder mit Duft, [&hellip;]<\/p>\n","protected":false},"author":1,"featured_media":0,"parent":0,"menu_order":4,"comment_status":"closed","ping_status":"closed","template":"","meta":{"footnotes":""},"class_list":["post-553","page","type-page","status-publish","hentry"],"yoast_head":"<!-- This site is optimized with the Yoast SEO plugin v27.2 - https:\/\/yoast.com\/product\/yoast-seo-wordpress\/ -->\n<title>Air Cleaning Management GmbH | Einsatzm\u00f6glichkeiten<\/title>\n<meta name=\"robots\" content=\"index, follow, max-snippet:-1, max-image-preview:large, max-video-preview:-1\" \/>\n<link rel=\"canonical\" href=\"https:\/\/sinodeen.com\/en\/einsatzmoeglichkeiten\/\" \/>\n<meta property=\"og:locale\" content=\"de_DE\" \/>\n<meta property=\"og:type\" content=\"article\" \/>\n<meta property=\"og:title\" content=\"Air Cleaning Management GmbH | Einsatzm\u00f6glichkeiten\" \/>\n<meta property=\"og:description\" content=\"HAUSHALT SINODEEN\u00ae \u2013 L: Neutral oder mit Duft, Langanhaltende Wirkung SINODEEN\u00ae \u2013 S: Neutral oder mit Duft, Sofortige Wirkung GEWERBE SINODEEN\u00ae \u2013 L: Neutral oder mit Duft, Langanhaltende Wirkung SINODEEN\u00ae \u2013 S: Neutral oder mit Duft, Sofortige Wirkung INDUSTRIE SINODEEN\u00ae \u2013 L: Neutral oder mit Duft, Langanhaltende Wirkung SINODEEN\u00ae \u2013 S: Neutral oder mit Duft, [&hellip;]\" \/>\n<meta property=\"og:url\" content=\"https:\/\/sinodeen.com\/en\/einsatzmoeglichkeiten\/\" \/>\n<meta property=\"og:site_name\" content=\"Sinodeen Air Cleaning\" \/>\n<meta property=\"article:publisher\" content=\"https:\/\/www.facebook.com\/sinodeen.de\/\" \/>\n<meta property=\"article:modified_time\" content=\"2018-08-23T12:46:01+00:00\" \/>\n<meta property=\"og:image\" content=\"https:\/\/sinodeen.com\/wp-content\/uploads\/2018\/07\/air_cleaning_content_einsatzm\u00f6glichkeiten.jpg\" \/>\n<meta name=\"twitter:card\" content=\"summary_large_image\" \/>\n<meta name=\"twitter:label1\" content=\"Gesch\u00e4tzte Lesezeit\" \/>\n\t<meta name=\"twitter:data1\" content=\"2\u00a0Minuten\" \/>\n<script type=\"application\/ld+json\" class=\"yoast-schema-graph\">{\"@context\":\"https:\/\/schema.org\",\"@graph\":[{\"@type\":\"WebPage\",\"@id\":\"https:\/\/sinodeen.com\/en\/einsatzmoeglichkeiten\/\",\"url\":\"https:\/\/sinodeen.com\/en\/einsatzmoeglichkeiten\/\",\"name\":\"Air Cleaning Management GmbH | Einsatzm\u00f6glichkeiten\",\"isPartOf\":{\"@id\":\"https:\/\/sinodeen.com\/#website\"},\"datePublished\":\"2018-07-05T13:47:13+00:00\",\"dateModified\":\"2018-08-23T12:46:01+00:00\",\"breadcrumb\":{\"@id\":\"https:\/\/sinodeen.com\/en\/einsatzmoeglichkeiten\/#breadcrumb\"},\"inLanguage\":\"de\",\"potentialAction\":[{\"@type\":\"ReadAction\",\"target\":[\"https:\/\/sinodeen.com\/en\/einsatzmoeglichkeiten\/\"]}]},{\"@type\":\"BreadcrumbList\",\"@id\":\"https:\/\/sinodeen.com\/en\/einsatzmoeglichkeiten\/#breadcrumb\",\"itemListElement\":[{\"@type\":\"ListItem\",\"position\":1,\"name\":\"Startseite\",\"item\":\"https:\/\/sinodeen.com\/\"},{\"@type\":\"ListItem\",\"position\":2,\"name\":\"Applications\"}]},{\"@type\":\"WebSite\",\"@id\":\"https:\/\/sinodeen.com\/#website\",\"url\":\"https:\/\/sinodeen.com\/\",\"name\":\"Sinodeen Air Cleaning\",\"description\":\"Saubere Luft - Made in Germany\",\"publisher\":{\"@id\":\"https:\/\/sinodeen.com\/#organization\"},\"potentialAction\":[{\"@type\":\"SearchAction\",\"target\":{\"@type\":\"EntryPoint\",\"urlTemplate\":\"https:\/\/sinodeen.com\/?s={search_term_string}\"},\"query-input\":{\"@type\":\"PropertyValueSpecification\",\"valueRequired\":true,\"valueName\":\"search_term_string\"}}],\"inLanguage\":\"de\"},{\"@type\":\"Organization\",\"@id\":\"https:\/\/sinodeen.com\/#organization\",\"name\":\"Sinodeen Air Cleaning\",\"url\":\"https:\/\/sinodeen.com\/\",\"logo\":{\"@type\":\"ImageObject\",\"inLanguage\":\"de\",\"@id\":\"https:\/\/sinodeen.com\/#\/schema\/logo\/image\/\",\"url\":\"https:\/\/sinodeen.com\/wp-content\/uploads\/2018\/07\/cropped-ACM_logo_footer.png\",\"contentUrl\":\"https:\/\/sinodeen.com\/wp-content\/uploads\/2018\/07\/cropped-ACM_logo_footer.png\",\"width\":175,\"height\":137,\"caption\":\"Sinodeen Air Cleaning\"},\"image\":{\"@id\":\"https:\/\/sinodeen.com\/#\/schema\/logo\/image\/\"},\"sameAs\":[\"https:\/\/www.facebook.com\/sinodeen.de\/\"]}]}<\/script>\n<!-- \/ Yoast SEO plugin. -->","yoast_head_json":{"title":"Air Cleaning Management GmbH | Einsatzm\u00f6glichkeiten","robots":{"index":"index","follow":"follow","max-snippet":"max-snippet:-1","max-image-preview":"max-image-preview:large","max-video-preview":"max-video-preview:-1"},"canonical":"https:\/\/sinodeen.com\/en\/einsatzmoeglichkeiten\/","og_locale":"de_DE","og_type":"article","og_title":"Air Cleaning Management GmbH | Einsatzm\u00f6glichkeiten","og_description":"HAUSHALT SINODEEN\u00ae \u2013 L: Neutral oder mit Duft, Langanhaltende Wirkung SINODEEN\u00ae \u2013 S: Neutral oder mit Duft, Sofortige Wirkung GEWERBE SINODEEN\u00ae \u2013 L: Neutral oder mit Duft, Langanhaltende Wirkung SINODEEN\u00ae \u2013 S: Neutral oder mit Duft, Sofortige Wirkung INDUSTRIE SINODEEN\u00ae \u2013 L: Neutral oder mit Duft, Langanhaltende Wirkung SINODEEN\u00ae \u2013 S: Neutral oder mit Duft, [&hellip;]","og_url":"https:\/\/sinodeen.com\/en\/einsatzmoeglichkeiten\/","og_site_name":"Sinodeen Air Cleaning","article_publisher":"https:\/\/www.facebook.com\/sinodeen.de\/","article_modified_time":"2018-08-23T12:46:01+00:00","og_image":[{"url":"https:\/\/sinodeen.com\/wp-content\/uploads\/2018\/07\/air_cleaning_content_einsatzm\u00f6glichkeiten.jpg","type":"","width":"","height":""}],"twitter_card":"summary_large_image","twitter_misc":{"Gesch\u00e4tzte Lesezeit":"2\u00a0Minuten"},"schema":{"@context":"https:\/\/schema.org","@graph":[{"@type":"WebPage","@id":"https:\/\/sinodeen.com\/en\/einsatzmoeglichkeiten\/","url":"https:\/\/sinodeen.com\/en\/einsatzmoeglichkeiten\/","name":"Air Cleaning Management GmbH | Einsatzm\u00f6glichkeiten","isPartOf":{"@id":"https:\/\/sinodeen.com\/#website"},"datePublished":"2018-07-05T13:47:13+00:00","dateModified":"2018-08-23T12:46:01+00:00","breadcrumb":{"@id":"https:\/\/sinodeen.com\/en\/einsatzmoeglichkeiten\/#breadcrumb"},"inLanguage":"de","potentialAction":[{"@type":"ReadAction","target":["https:\/\/sinodeen.com\/en\/einsatzmoeglichkeiten\/"]}]},{"@type":"BreadcrumbList","@id":"https:\/\/sinodeen.com\/en\/einsatzmoeglichkeiten\/#breadcrumb","itemListElement":[{"@type":"ListItem","position":1,"name":"Startseite","item":"https:\/\/sinodeen.com\/"},{"@type":"ListItem","position":2,"name":"Applications"}]},{"@type":"WebSite","@id":"https:\/\/sinodeen.com\/#website","url":"https:\/\/sinodeen.com\/","name":"Sinodeen Air Cleaning","description":"Saubere Luft - Made in Germany","publisher":{"@id":"https:\/\/sinodeen.com\/#organization"},"potentialAction":[{"@type":"SearchAction","target":{"@type":"EntryPoint","urlTemplate":"https:\/\/sinodeen.com\/?s={search_term_string}"},"query-input":{"@type":"PropertyValueSpecification","valueRequired":true,"valueName":"search_term_string"}}],"inLanguage":"de"},{"@type":"Organization","@id":"https:\/\/sinodeen.com\/#organization","name":"Sinodeen Air Cleaning","url":"https:\/\/sinodeen.com\/","logo":{"@type":"ImageObject","inLanguage":"de","@id":"https:\/\/sinodeen.com\/#\/schema\/logo\/image\/","url":"https:\/\/sinodeen.com\/wp-content\/uploads\/2018\/07\/cropped-ACM_logo_footer.png","contentUrl":"https:\/\/sinodeen.com\/wp-content\/uploads\/2018\/07\/cropped-ACM_logo_footer.png","width":175,"height":137,"caption":"Sinodeen Air Cleaning"},"image":{"@id":"https:\/\/sinodeen.com\/#\/schema\/logo\/image\/"},"sameAs":["https:\/\/www.facebook.com\/sinodeen.de\/"]}]}},"_links":{"self":[{"href":"https:\/\/sinodeen.com\/de\/wp-json\/wp\/v2\/pages\/553","targetHints":{"allow":["GET"]}}],"collection":[{"href":"https:\/\/sinodeen.com\/de\/wp-json\/wp\/v2\/pages"}],"about":[{"href":"https:\/\/sinodeen.com\/de\/wp-json\/wp\/v2\/types\/page"}],"author":[{"embeddable":true,"href":"https:\/\/sinodeen.com\/de\/wp-json\/wp\/v2\/users\/1"}],"replies":[{"embeddable":true,"href":"https:\/\/sinodeen.com\/de\/wp-json\/wp\/v2\/comments?post=553"}],"version-history":[{"count":15,"href":"https:\/\/sinodeen.com\/de\/wp-json\/wp\/v2\/pages\/553\/revisions"}],"predecessor-version":[{"id":974,"href":"https:\/\/sinodeen.com\/de\/wp-json\/wp\/v2\/pages\/553\/revisions\/974"}],"wp:attachment":[{"href":"https:\/\/sinodeen.com\/de\/wp-json\/wp\/v2\/media?parent=553"}],"curies":[{"name":"wp","href":"https:\/\/api.w.org\/{rel}","templated":true}]}}