{"id":551,"date":"2018-07-05T13:47:00","date_gmt":"2018-07-05T13:47:00","guid":{"rendered":"https:\/\/www.air-cleaning-management.de\/?page_id=551"},"modified":"2020-09-10T10:08:28","modified_gmt":"2020-09-10T10:08:28","slug":"wirkungsweise","status":"publish","type":"page","link":"https:\/\/sinodeen.com\/de\/wirkungsweise\/","title":{"rendered":"Wirkungsweise"},"content":{"rendered":"<p>Jeder Mensch ben\u00f6tigt Luft zum Atmen und somit zum Leben. Die Luft wird bedingt durch die zunehmenden, vom Menschen selbst geschaffenen, technischen Einfl\u00fcsse mehr und mehr durch Schad- und Geruchsstoffe verunreinigt und belastet. Das nat\u00fcrliche, menschliche Geruchswarnsystem, die Nase, kann diese Stoffe oft wahrnehmen und eventuell erforderliche Abwehrhandlungen ausl\u00f6sen.<\/p>\n<p><img loading=\"lazy\" decoding=\"async\" class=\"alignnone wp-image-596 size-full\" src=\"https:\/\/sinodeen.com\/wp-content\/uploads\/2018\/07\/sinodeen_kaefigmolekuel3.jpg\" alt=\"\" width=\"1000\" height=\"324\" srcset=\"https:\/\/sinodeen.com\/wp-content\/uploads\/2018\/07\/sinodeen_kaefigmolekuel3.jpg 1000w, https:\/\/sinodeen.com\/wp-content\/uploads\/2018\/07\/sinodeen_kaefigmolekuel3-300x97.jpg 300w, https:\/\/sinodeen.com\/wp-content\/uploads\/2018\/07\/sinodeen_kaefigmolekuel3-768x249.jpg 768w\" sizes=\"auto, (max-width: 1000px) 100vw, 1000px\" \/><\/p>\n<p>Durch die Erforschung der Psychophysiologie des Riechens konnte festgestellt werden, dass durch das lim\u00adbische System im Gehirn \u2013 angenehme und unangenehme \u2013 D\u00fcfte bestimmte Stimmungen von Euphorie bis zu Depression ausl\u00f6sen. Die qualitative und quantitative Beurteilung der Ger\u00fcche ist dabei grunds\u00e4tzlich subjektiv und daher zumeist unterschiedlich.<\/p>\n<p>Angenehm empfundene Ger\u00fcche \u00fcben eine Anziehung auf den Menschen aus, was dazu f\u00fchrt, dass der Mensch den Wunsch entwickelt, dort zu verweilen, wo es angenehm riecht. Wohlger\u00fcche f\u00f6rdern so das pers\u00f6nliche Befinden und wirken dadurch indirekt auch leistungssteigernd.<\/p>\n<p>Ger\u00fcche, die durch unangenehme, \u00fcbelriechende, teilweise sogar bei\u00dfende Geruchs- und Schadstoffe verursacht werden, k\u00f6nnen beim Menschen zu Unwohlsein, \u00dcbelkeit und sogar Funktionsst\u00f6rungen des zentralen Nervensystems f\u00fchren. Der Mensch wird entsprechend eines nat\u00fcrlichen Fluchtverhaltens versuchen, sich diesem Geruch schnellstm\u00f6glich zu entziehen, auch um einer Gesundheitsgef\u00e4hrdung vorzubeugen. Einige Schadstoffe wirken jedoch bereits in minimalen Konzentrationen gesundheitssch\u00e4digend, die oft gar nicht mehr von der Nase wahrgenommen werden k\u00f6nnen, so dass der nat\u00fcrliche Abwehrmechanismus nicht ausgel\u00f6st wird.<\/p>\n<p>Um Ger\u00fcche und Schadstoffe aus der Luft zu beseitigen, gibt es verschiedene M\u00f6glichkeiten:<\/p>\n<ul>\n<li>Die Neutralisation, d.h. Geruchs\u00fcberdeckung ist die bekannteste Methode, bei der Ger\u00fcche durch eine T\u00e4uschung der Geruchsnerven allerdings nur scheinbar beseitigt wird, indem ein Wohlgeruch den Geruch deutlich \u00fcberdeckt. Eine Gefahr entsteht durch die damit verbundene Ausschaltung der Warnfunktion der Nase, was schon bei geringer Belastung der Luft mit giftigen Substanzen verheerend wirken kann.<\/li>\n<li>Filterung der Luft erm\u00f6glicht die Zur\u00fcckhaltung von Geruchsstoffen in speziellen Filtern. Probleme entstehen dann, wenn die Filter f\u00fcr gewisse Stoffe zu grob oder aufgrund von \u00dcbers\u00e4ttigung nicht mehr voll funktionsf\u00e4hig sind.<\/li>\n<li>Vermeidung der Geruchsentstehung kann durch chemische, mikrobiologische oder physika\u00adlische Behandlung der Oberfl\u00e4che oder durch Wirkung in Reaktionsprozessen erreicht wer\u00adden, sofern die Geruchsstoffe \u00fcberhaupt erst durch eine Reaktion ausgel\u00f6st werden. Diese Pro\u00adzesse sind jedoch oft sehr kostenintensiv, nur bedingt effektiv und\/oder umwelt\u00adsch\u00e4\u00addi\u00adgend, da sich die aus den Reaktionsprozessen ergebende Stoffe nicht ohne weiteres entsorgen lassen.<\/li>\n<\/ul>\n<p><strong>Adsorbtion<\/strong> von Geruchsstoffen durch Makromolek\u00fcle stellt eine wirkungsvolle Methode dar, Ger\u00fcche schnell und nachhaltig zu beseitigen, ohne die Gesundheit und die Umwelt zu belasten. Fast alle Geruchs- und Schadstoffe k\u00f6nnen so auf biologische Weise abgebaut werden. Auf dieser Methode basiert die Technologie der Sinodeen\u00aeLuftreinigungsprodukte.<\/p>","protected":false},"excerpt":{"rendered":"<p>Jeder Mensch ben\u00f6tigt Luft zum Atmen und somit zum Leben. Die Luft wird bedingt durch die zunehmenden, vom Menschen selbst geschaffenen, technischen Einfl\u00fcsse mehr und mehr durch Schad- und Geruchsstoffe verunreinigt und belastet. Das nat\u00fcrliche, menschliche Geruchswarnsystem, die Nase, kann diese Stoffe oft wahrnehmen und eventuell erforderliche Abwehrhandlungen ausl\u00f6sen. Durch die Erforschung der Psychophysiologie des [&hellip;]<\/p>\n","protected":false},"author":1,"featured_media":0,"parent":0,"menu_order":5,"comment_status":"closed","ping_status":"closed","template":"","meta":{"footnotes":""},"class_list":["post-551","page","type-page","status-publish","hentry"],"yoast_head":"<!-- This site is optimized with the Yoast SEO plugin v27.2 - https:\/\/yoast.com\/product\/yoast-seo-wordpress\/ -->\n<title>Air Cleaning Management GmbH | Wirkungsweise<\/title>\n<meta name=\"description\" content=\"(Deutsch) Air Cleaning Management \u2705 Hamburg \u2714\ufe0f Biologische Luftreinigung \u2714\ufe0f gegen schlechte Ger\u00fcche \u2714\ufe0fHygiene \u2714\ufe0f Schadstoffe \u2714\ufe0f Wirkungsweise\" \/>\n<meta name=\"robots\" content=\"index, follow, max-snippet:-1, max-image-preview:large, max-video-preview:-1\" \/>\n<link rel=\"canonical\" href=\"https:\/\/sinodeen.com\/en\/wirkungsweise\/\" \/>\n<meta property=\"og:locale\" content=\"de_DE\" \/>\n<meta property=\"og:type\" content=\"article\" \/>\n<meta property=\"og:title\" content=\"Air Cleaning Management GmbH | Wirkungsweise\" \/>\n<meta property=\"og:description\" content=\"(Deutsch) Air Cleaning Management \u2705 Hamburg \u2714\ufe0f Biologische Luftreinigung \u2714\ufe0f gegen schlechte Ger\u00fcche \u2714\ufe0fHygiene \u2714\ufe0f Schadstoffe \u2714\ufe0f Wirkungsweise\" \/>\n<meta property=\"og:url\" content=\"https:\/\/sinodeen.com\/en\/wirkungsweise\/\" \/>\n<meta property=\"og:site_name\" content=\"Sinodeen Air Cleaning\" \/>\n<meta property=\"article:publisher\" content=\"https:\/\/www.facebook.com\/sinodeen.de\/\" \/>\n<meta property=\"article:modified_time\" content=\"2020-09-10T10:08:28+00:00\" \/>\n<meta property=\"og:image\" content=\"https:\/\/sinodeen.com\/wp-content\/uploads\/2018\/07\/sinodeen_kaefigmolekuel3.jpg\" \/>\n<meta name=\"twitter:card\" content=\"summary_large_image\" \/>\n<meta name=\"twitter:label1\" content=\"Gesch\u00e4tzte Lesezeit\" \/>\n\t<meta name=\"twitter:data1\" content=\"4\u00a0Minuten\" \/>\n<script type=\"application\/ld+json\" class=\"yoast-schema-graph\">{\"@context\":\"https:\/\/schema.org\",\"@graph\":[{\"@type\":\"WebPage\",\"@id\":\"https:\/\/sinodeen.com\/en\/wirkungsweise\/\",\"url\":\"https:\/\/sinodeen.com\/en\/wirkungsweise\/\",\"name\":\"Air Cleaning Management GmbH | Wirkungsweise\",\"isPartOf\":{\"@id\":\"https:\/\/sinodeen.com\/#website\"},\"primaryImageOfPage\":{\"@id\":\"https:\/\/sinodeen.com\/en\/wirkungsweise\/#primaryimage\"},\"image\":{\"@id\":\"https:\/\/sinodeen.com\/en\/wirkungsweise\/#primaryimage\"},\"thumbnailUrl\":\"https:\/\/sinodeen.com\/wp-content\/uploads\/2018\/07\/sinodeen_kaefigmolekuel3.jpg\",\"datePublished\":\"2018-07-05T13:47:00+00:00\",\"dateModified\":\"2020-09-10T10:08:28+00:00\",\"description\":\"(Deutsch) Air Cleaning Management \u2705 Hamburg \u2714\ufe0f Biologische Luftreinigung \u2714\ufe0f gegen schlechte Ger\u00fcche \u2714\ufe0fHygiene \u2714\ufe0f Schadstoffe \u2714\ufe0f Wirkungsweise\",\"breadcrumb\":{\"@id\":\"https:\/\/sinodeen.com\/en\/wirkungsweise\/#breadcrumb\"},\"inLanguage\":\"de\",\"potentialAction\":[{\"@type\":\"ReadAction\",\"target\":[\"https:\/\/sinodeen.com\/en\/wirkungsweise\/\"]}]},{\"@type\":\"ImageObject\",\"inLanguage\":\"de\",\"@id\":\"https:\/\/sinodeen.com\/en\/wirkungsweise\/#primaryimage\",\"url\":\"https:\/\/sinodeen.com\/wp-content\/uploads\/2018\/07\/sinodeen_kaefigmolekuel3.jpg\",\"contentUrl\":\"https:\/\/sinodeen.com\/wp-content\/uploads\/2018\/07\/sinodeen_kaefigmolekuel3.jpg\"},{\"@type\":\"BreadcrumbList\",\"@id\":\"https:\/\/sinodeen.com\/en\/wirkungsweise\/#breadcrumb\",\"itemListElement\":[{\"@type\":\"ListItem\",\"position\":1,\"name\":\"Startseite\",\"item\":\"https:\/\/sinodeen.com\/\"},{\"@type\":\"ListItem\",\"position\":2,\"name\":\"Effectiveness\"}]},{\"@type\":\"WebSite\",\"@id\":\"https:\/\/sinodeen.com\/#website\",\"url\":\"https:\/\/sinodeen.com\/\",\"name\":\"Sinodeen Air Cleaning\",\"description\":\"Saubere Luft - Made in Germany\",\"publisher\":{\"@id\":\"https:\/\/sinodeen.com\/#organization\"},\"potentialAction\":[{\"@type\":\"SearchAction\",\"target\":{\"@type\":\"EntryPoint\",\"urlTemplate\":\"https:\/\/sinodeen.com\/?s={search_term_string}\"},\"query-input\":{\"@type\":\"PropertyValueSpecification\",\"valueRequired\":true,\"valueName\":\"search_term_string\"}}],\"inLanguage\":\"de\"},{\"@type\":\"Organization\",\"@id\":\"https:\/\/sinodeen.com\/#organization\",\"name\":\"Sinodeen Air Cleaning\",\"url\":\"https:\/\/sinodeen.com\/\",\"logo\":{\"@type\":\"ImageObject\",\"inLanguage\":\"de\",\"@id\":\"https:\/\/sinodeen.com\/#\/schema\/logo\/image\/\",\"url\":\"https:\/\/sinodeen.com\/wp-content\/uploads\/2018\/07\/cropped-ACM_logo_footer.png\",\"contentUrl\":\"https:\/\/sinodeen.com\/wp-content\/uploads\/2018\/07\/cropped-ACM_logo_footer.png\",\"width\":175,\"height\":137,\"caption\":\"Sinodeen Air Cleaning\"},\"image\":{\"@id\":\"https:\/\/sinodeen.com\/#\/schema\/logo\/image\/\"},\"sameAs\":[\"https:\/\/www.facebook.com\/sinodeen.de\/\"]}]}<\/script>\n<!-- \/ Yoast SEO plugin. -->","yoast_head_json":{"title":"Air Cleaning Management GmbH | Wirkungsweise","description":"(Deutsch) Air Cleaning Management \u2705 Hamburg \u2714\ufe0f Biologische Luftreinigung \u2714\ufe0f gegen schlechte Ger\u00fcche \u2714\ufe0fHygiene \u2714\ufe0f Schadstoffe \u2714\ufe0f Wirkungsweise","robots":{"index":"index","follow":"follow","max-snippet":"max-snippet:-1","max-image-preview":"max-image-preview:large","max-video-preview":"max-video-preview:-1"},"canonical":"https:\/\/sinodeen.com\/en\/wirkungsweise\/","og_locale":"de_DE","og_type":"article","og_title":"Air Cleaning Management GmbH | Wirkungsweise","og_description":"(Deutsch) Air Cleaning Management \u2705 Hamburg \u2714\ufe0f Biologische Luftreinigung \u2714\ufe0f gegen schlechte Ger\u00fcche \u2714\ufe0fHygiene \u2714\ufe0f Schadstoffe \u2714\ufe0f Wirkungsweise","og_url":"https:\/\/sinodeen.com\/en\/wirkungsweise\/","og_site_name":"Sinodeen Air Cleaning","article_publisher":"https:\/\/www.facebook.com\/sinodeen.de\/","article_modified_time":"2020-09-10T10:08:28+00:00","og_image":[{"url":"https:\/\/sinodeen.com\/wp-content\/uploads\/2018\/07\/sinodeen_kaefigmolekuel3.jpg","type":"","width":"","height":""}],"twitter_card":"summary_large_image","twitter_misc":{"Gesch\u00e4tzte Lesezeit":"4\u00a0Minuten"},"schema":{"@context":"https:\/\/schema.org","@graph":[{"@type":"WebPage","@id":"https:\/\/sinodeen.com\/en\/wirkungsweise\/","url":"https:\/\/sinodeen.com\/en\/wirkungsweise\/","name":"Air Cleaning Management GmbH | Wirkungsweise","isPartOf":{"@id":"https:\/\/sinodeen.com\/#website"},"primaryImageOfPage":{"@id":"https:\/\/sinodeen.com\/en\/wirkungsweise\/#primaryimage"},"image":{"@id":"https:\/\/sinodeen.com\/en\/wirkungsweise\/#primaryimage"},"thumbnailUrl":"https:\/\/sinodeen.com\/wp-content\/uploads\/2018\/07\/sinodeen_kaefigmolekuel3.jpg","datePublished":"2018-07-05T13:47:00+00:00","dateModified":"2020-09-10T10:08:28+00:00","description":"(Deutsch) Air Cleaning Management \u2705 Hamburg \u2714\ufe0f Biologische Luftreinigung \u2714\ufe0f gegen schlechte Ger\u00fcche \u2714\ufe0fHygiene \u2714\ufe0f Schadstoffe \u2714\ufe0f Wirkungsweise","breadcrumb":{"@id":"https:\/\/sinodeen.com\/en\/wirkungsweise\/#breadcrumb"},"inLanguage":"de","potentialAction":[{"@type":"ReadAction","target":["https:\/\/sinodeen.com\/en\/wirkungsweise\/"]}]},{"@type":"ImageObject","inLanguage":"de","@id":"https:\/\/sinodeen.com\/en\/wirkungsweise\/#primaryimage","url":"https:\/\/sinodeen.com\/wp-content\/uploads\/2018\/07\/sinodeen_kaefigmolekuel3.jpg","contentUrl":"https:\/\/sinodeen.com\/wp-content\/uploads\/2018\/07\/sinodeen_kaefigmolekuel3.jpg"},{"@type":"BreadcrumbList","@id":"https:\/\/sinodeen.com\/en\/wirkungsweise\/#breadcrumb","itemListElement":[{"@type":"ListItem","position":1,"name":"Startseite","item":"https:\/\/sinodeen.com\/"},{"@type":"ListItem","position":2,"name":"Effectiveness"}]},{"@type":"WebSite","@id":"https:\/\/sinodeen.com\/#website","url":"https:\/\/sinodeen.com\/","name":"Sinodeen Air Cleaning","description":"Saubere Luft - Made in Germany","publisher":{"@id":"https:\/\/sinodeen.com\/#organization"},"potentialAction":[{"@type":"SearchAction","target":{"@type":"EntryPoint","urlTemplate":"https:\/\/sinodeen.com\/?s={search_term_string}"},"query-input":{"@type":"PropertyValueSpecification","valueRequired":true,"valueName":"search_term_string"}}],"inLanguage":"de"},{"@type":"Organization","@id":"https:\/\/sinodeen.com\/#organization","name":"Sinodeen Air Cleaning","url":"https:\/\/sinodeen.com\/","logo":{"@type":"ImageObject","inLanguage":"de","@id":"https:\/\/sinodeen.com\/#\/schema\/logo\/image\/","url":"https:\/\/sinodeen.com\/wp-content\/uploads\/2018\/07\/cropped-ACM_logo_footer.png","contentUrl":"https:\/\/sinodeen.com\/wp-content\/uploads\/2018\/07\/cropped-ACM_logo_footer.png","width":175,"height":137,"caption":"Sinodeen Air Cleaning"},"image":{"@id":"https:\/\/sinodeen.com\/#\/schema\/logo\/image\/"},"sameAs":["https:\/\/www.facebook.com\/sinodeen.de\/"]}]}},"_links":{"self":[{"href":"https:\/\/sinodeen.com\/de\/wp-json\/wp\/v2\/pages\/551","targetHints":{"allow":["GET"]}}],"collection":[{"href":"https:\/\/sinodeen.com\/de\/wp-json\/wp\/v2\/pages"}],"about":[{"href":"https:\/\/sinodeen.com\/de\/wp-json\/wp\/v2\/types\/page"}],"author":[{"embeddable":true,"href":"https:\/\/sinodeen.com\/de\/wp-json\/wp\/v2\/users\/1"}],"replies":[{"embeddable":true,"href":"https:\/\/sinodeen.com\/de\/wp-json\/wp\/v2\/comments?post=551"}],"version-history":[{"count":12,"href":"https:\/\/sinodeen.com\/de\/wp-json\/wp\/v2\/pages\/551\/revisions"}],"predecessor-version":[{"id":1165,"href":"https:\/\/sinodeen.com\/de\/wp-json\/wp\/v2\/pages\/551\/revisions\/1165"}],"wp:attachment":[{"href":"https:\/\/sinodeen.com\/de\/wp-json\/wp\/v2\/media?parent=551"}],"curies":[{"name":"wp","href":"https:\/\/api.w.org\/{rel}","templated":true}]}}