{"id":549,"date":"2018-07-05T13:46:44","date_gmt":"2018-07-05T13:46:44","guid":{"rendered":"https:\/\/www.air-cleaning-management.de\/?page_id=549"},"modified":"2020-12-08T20:15:55","modified_gmt":"2020-12-08T20:15:55","slug":"produkte","status":"publish","type":"page","link":"https:\/\/sinodeen.com\/de\/produkte\/","title":{"rendered":"Sinodeen"},"content":{"rendered":"<p>Bei der Erforschung in der Natur vorkommender Molek\u00fcle wurden Makromolek\u00fcl\u00a0entdeckt, die zwischen netzartigen Atom- und Atomgruppenverbindungen Hohlr\u00e4ume bilden. Da die Strukturen der sogenannten Clathrate gitterf\u00f6rmig sind, werden sie auch als K\u00e4figmolek\u00fcle bezeichnet. Holger Meyer stie\u00df Anfang der 70er Jahre bei seiner Arbeit mit Pflanzenextrakten, \u00e4therischen \u00d6len und anderen organischen Stoffen auf diese Besonderheit. Er erkannte, dass darin ungeahnte M\u00f6glichkeiten lagen und entwickelte in langj\u00e4hriger, intensiver Forschungsarbeit ein darauf basierendes spezielles Produkt zur Luftreinigung, das in der Lage ist, Geruchs- und Schadstoffe zu adsorbieren.<\/p>\n<p><img loading=\"lazy\" decoding=\"async\" class=\"alignnone size-full wp-image-596\" src=\"https:\/\/sinodeen.com\/wp-content\/uploads\/2018\/07\/sinodeen_kaefigmolekuel3.jpg\" alt=\"\" width=\"1000\" height=\"324\" srcset=\"https:\/\/sinodeen.com\/wp-content\/uploads\/2018\/07\/sinodeen_kaefigmolekuel3.jpg 1000w, https:\/\/sinodeen.com\/wp-content\/uploads\/2018\/07\/sinodeen_kaefigmolekuel3-300x97.jpg 300w, https:\/\/sinodeen.com\/wp-content\/uploads\/2018\/07\/sinodeen_kaefigmolekuel3-768x249.jpg 768w\" sizes=\"auto, (max-width: 1000px) 100vw, 1000px\" \/><\/p>\n<p>Die aus organischen Stoffen gewonnenen K\u00e4figmolek\u00fcle nehmen Geruchs- und Schadstoffmolek\u00fcle durch die Maschen der Gitter wie ein Kescher auf und halten sie im Inneren fest, ohne dass neue chemische Verbindungen entstehen. Die Geruchsstoffe werden so inaktiviert und mit den K\u00e4figmolek\u00fclen durch die Luftstr\u00f6mung fortgetragen. Nachdem sie sich niedergeschlagen haben, werden sie biologisch durch Bakterien abgebaut. Eingeatmete Clathrate k\u00f6nnen wegen ihrer Gr\u00f6\u00dfe die Membranen der Lungenbl\u00e4schen nicht passieren und werden wieder ausgeatmet. Die eingefangenen Geruchs- und Schadstoffe k\u00f6nnen so nicht mehr gesundheitssch\u00e4digend wirken.<\/p>\n<p>Dieses Prinzip ist die Grundlage der <strong>Sinodeen\u00ae<sup>\u00a0<\/sup><\/strong>Wirkstoffe. Die Wirkstoffe bilden hochwirksame Aerosolfilter und beseitigen damit auf biologischer Basis Geruchsstoffe in der Luft einfach, schnell und wirksam. Die\u00a0<strong>Sinodeen\u00ae\u00a0\u00a0<\/strong>Produkte\u00a0werden in fl\u00fcssiger Form hergestellt und mittels spezieller Verdunstungs-, Injektions- oder Spr\u00fchsysteme in die belastete Raum- oder Umgebungsluft gegeben, wo sie ihre volle Wirkung entfalten k\u00f6nnen. Die Systeme sind anwenderfreundlich konzipiert.<\/p>\n<p><img loading=\"lazy\" decoding=\"async\" class=\"alignnone wp-image-802 size-full\" src=\"https:\/\/sinodeen.com\/wp-content\/uploads\/2018\/07\/air_cleaning_content_produkte2.jpg\" alt=\"\" width=\"1920\" height=\"840\" srcset=\"https:\/\/sinodeen.com\/wp-content\/uploads\/2018\/07\/air_cleaning_content_produkte2.jpg 1920w, https:\/\/sinodeen.com\/wp-content\/uploads\/2018\/07\/air_cleaning_content_produkte2-300x131.jpg 300w, https:\/\/sinodeen.com\/wp-content\/uploads\/2018\/07\/air_cleaning_content_produkte2-768x336.jpg 768w, https:\/\/sinodeen.com\/wp-content\/uploads\/2018\/07\/air_cleaning_content_produkte2-1024x448.jpg 1024w\" sizes=\"auto, (max-width: 1920px) 100vw, 1920px\" \/><\/p>\n<p>Die Wirkstoffe werden fortw\u00e4hrend weiterentwickelt. F\u00fcr die individuellen Einsatzgebiete gibt es spezielle Auspr\u00e4gungen der Wirkstoffe, die eine problemspezifische Anwendung erm\u00f6glichen. Dies er\u00f6ffnet fast unbegrenzte Anwendungen in Industrie, Gewerbe und Haushalt.<\/p>\n<p><strong>Sinodeen\u00ae<\/strong>\u00a0ist der Luftreiniger aus einer Kombination organischer Wirkstoffe. Die eine Komponente besteht aus pflanzlichen Clathraten, die Ger\u00fcche adsorbieren, die andere Komponente enth\u00e4lt \u00e4therische \u00d6le, die einen angenehmen, wohltuenden Duft verbreiten. Verschiedene Duftnoten stehen zur Auswahl. <strong>Sinodeen\u00ae<\/strong>\u00a0ist als Luftreiniger mit wahlweise Sofort-Wirkung oder Langzeit-Wirkung erh\u00e4ltlich, der Einsatz erfolgt problemspezifisch.<\/p>\n<p><b>Sinodeen\u00ae<\/b> ist der Spezial- und Allzweckreiniger, der nicht nur gr\u00fcndlich, hygienisch, fettl\u00f6send streifenfrei oberfl\u00e4chen- und umweltschonend reinigt, sondern auch unangenehme Ger\u00fcche adsorbiert.<\/p>\n<hr \/>\n<p><img loading=\"lazy\" decoding=\"async\" class=\"alignnone wp-image-1199\" src=\"https:\/\/sinodeen.com\/wp-content\/uploads\/2020\/12\/air_cleaning_produkte_sinodeen_l.jpg\" alt=\"\" width=\"400\" height=\"300\" srcset=\"https:\/\/sinodeen.com\/wp-content\/uploads\/2020\/12\/air_cleaning_produkte_sinodeen_l.jpg 800w, https:\/\/sinodeen.com\/wp-content\/uploads\/2020\/12\/air_cleaning_produkte_sinodeen_l-300x225.jpg 300w, https:\/\/sinodeen.com\/wp-content\/uploads\/2020\/12\/air_cleaning_produkte_sinodeen_l-768x576.jpg 768w\" sizes=\"auto, (max-width: 400px) 100vw, 400px\" \/><br \/>\n<strong><br \/>\nSinodeen\u00aeL<\/strong> &#8211; Die Wirkstoffe werden vornehmlich in geruchsbelasteten geschlossenen R\u00e4umen verdunstet. Je nach Gr\u00f6\u00dfe der R\u00e4ume stehen entsprechende aktive Verdunstung-Ger\u00e4te zur Verf\u00fcgung.<\/p>\n<p><img loading=\"lazy\" decoding=\"async\" class=\"alignnone wp-image-1202\" src=\"https:\/\/sinodeen.com\/wp-content\/uploads\/2020\/12\/air_cleaning_produkte_sinodeen_l_gel-1.jpg\" alt=\"\" width=\"400\" height=\"300\" srcset=\"https:\/\/sinodeen.com\/wp-content\/uploads\/2020\/12\/air_cleaning_produkte_sinodeen_l_gel-1.jpg 800w, https:\/\/sinodeen.com\/wp-content\/uploads\/2020\/12\/air_cleaning_produkte_sinodeen_l_gel-1-300x225.jpg 300w, https:\/\/sinodeen.com\/wp-content\/uploads\/2020\/12\/air_cleaning_produkte_sinodeen_l_gel-1-768x576.jpg 768w\" sizes=\"auto, (max-width: 400px) 100vw, 400px\" \/><\/p>\n<p><strong>Sinodeen\u00aeL Gel<\/strong> &#8211; F\u00fcr die aktive Verdunstung des SINODEEN\u00ae L Gels wird in erster Linie das Verdunstungs-Ger\u00e4t SINOMAT V 150 verwendet. Je nach Raumgr\u00f6\u00dfe kommen in geschlossenen R\u00e4umlichkeiten mit Geruchsbelastung die entsprechenden Ger\u00e4te zum Einsatz.<\/p>\n<p>&nbsp;<\/p>\n<p><img loading=\"lazy\" decoding=\"async\" class=\"alignnone wp-image-855\" src=\"https:\/\/sinodeen.com\/wp-content\/uploads\/2018\/07\/air_cleaning_produkte_sinodeen_s.jpg\" alt=\"\" width=\"400\" height=\"300\" srcset=\"https:\/\/sinodeen.com\/wp-content\/uploads\/2018\/07\/air_cleaning_produkte_sinodeen_s.jpg 800w, https:\/\/sinodeen.com\/wp-content\/uploads\/2018\/07\/air_cleaning_produkte_sinodeen_s-300x225.jpg 300w, https:\/\/sinodeen.com\/wp-content\/uploads\/2018\/07\/air_cleaning_produkte_sinodeen_s-768x576.jpg 768w\" sizes=\"auto, (max-width: 400px) 100vw, 400px\" \/><\/p>\n<p>Die Wirkstoffe werden haupts\u00e4chlich in geschlossenen R\u00e4umen verspr\u00fcht, welche eine entsprechende Geruchsbelastung aufweisen. Diese bewirken eine sofortige Adsorption aller im Wirkungsbereich befindlichen schlechten Ger\u00fcche.<\/p>\n<p>&nbsp;<\/p>\n<p><img loading=\"lazy\" decoding=\"async\" class=\"alignnone wp-image-1203\" src=\"https:\/\/sinodeen.com\/wp-content\/uploads\/2020\/12\/air_cleaning_produkte_sinodeen_a_cleaner.jpg\" alt=\"\" width=\"400\" height=\"300\" srcset=\"https:\/\/sinodeen.com\/wp-content\/uploads\/2020\/12\/air_cleaning_produkte_sinodeen_a_cleaner.jpg 800w, https:\/\/sinodeen.com\/wp-content\/uploads\/2020\/12\/air_cleaning_produkte_sinodeen_a_cleaner-300x225.jpg 300w, https:\/\/sinodeen.com\/wp-content\/uploads\/2020\/12\/air_cleaning_produkte_sinodeen_a_cleaner-768x576.jpg 768w\" sizes=\"auto, (max-width: 400px) 100vw, 400px\" \/><\/p>\n<p><strong>Eigenschaften<\/strong> &#8211; <strong>SINODEEN\u00ae A Cleaner<\/strong> mit dem Geruchsadsorber Sinodeen\u00ae und dem Frischesystem bindet schlechte Ger\u00fcche wie z.B. Urin-, F\u00e4kal- und Ammoniak-, M\u00fcll- und K\u00fcchenger\u00fcche. Dabei reinigt SINODEEN\u00ae A Cleaner zus\u00e4tzlich gr\u00fcndlich, hygienisch, fettl\u00f6send, streifenfrei und oberfl\u00e4chenschonend.<\/p>\n<p><strong>Anwendung<\/strong> &#8211; Die \u00fcbelriechenden Zonen wie z.B. W\u00e4nde, B\u00f6den, Teppichb\u00f6den, Fliesen, Fugen, WC-Anlagen, Abfl\u00fcsse sowie M\u00fcllcontainer, besonders bei Feuchtm\u00fcll usw., einfach einspr\u00fchen oder nass wischen und einige Minuten einwirken lassen.<\/p>","protected":false},"excerpt":{"rendered":"<p>Bei der Erforschung in der Natur vorkommender Molek\u00fcle wurden Makromolek\u00fcl\u00a0entdeckt, die zwischen netzartigen Atom- und Atomgruppenverbindungen Hohlr\u00e4ume bilden. Da die Strukturen der sogenannten Clathrate gitterf\u00f6rmig sind, werden sie auch als K\u00e4figmolek\u00fcle bezeichnet. Holger Meyer stie\u00df Anfang der 70er Jahre bei seiner Arbeit mit Pflanzenextrakten, \u00e4therischen \u00d6len und anderen organischen Stoffen auf diese Besonderheit. Er erkannte, [&hellip;]<\/p>\n","protected":false},"author":1,"featured_media":0,"parent":0,"menu_order":3,"comment_status":"closed","ping_status":"closed","template":"","meta":{"footnotes":""},"class_list":["post-549","page","type-page","status-publish","hentry"],"yoast_head":"<!-- This site is optimized with the Yoast SEO plugin v27.2 - https:\/\/yoast.com\/product\/yoast-seo-wordpress\/ -->\n<title>Air Cleaning Management GmbH | Products<\/title>\n<meta name=\"robots\" content=\"index, follow, max-snippet:-1, max-image-preview:large, max-video-preview:-1\" \/>\n<link rel=\"canonical\" href=\"https:\/\/sinodeen.com\/en\/produkte\/\" \/>\n<meta property=\"og:locale\" content=\"de_DE\" \/>\n<meta property=\"og:type\" content=\"article\" \/>\n<meta property=\"og:title\" content=\"Air Cleaning Management GmbH | Products\" \/>\n<meta property=\"og:description\" content=\"Bei der Erforschung in der Natur vorkommender Molek\u00fcle wurden Makromolek\u00fcl\u00a0entdeckt, die zwischen netzartigen Atom- und Atomgruppenverbindungen Hohlr\u00e4ume bilden. Da die Strukturen der sogenannten Clathrate gitterf\u00f6rmig sind, werden sie auch als K\u00e4figmolek\u00fcle bezeichnet. Holger Meyer stie\u00df Anfang der 70er Jahre bei seiner Arbeit mit Pflanzenextrakten, \u00e4therischen \u00d6len und anderen organischen Stoffen auf diese Besonderheit. Er erkannte, [&hellip;]\" \/>\n<meta property=\"og:url\" content=\"https:\/\/sinodeen.com\/en\/produkte\/\" \/>\n<meta property=\"og:site_name\" content=\"Sinodeen Air Cleaning\" \/>\n<meta property=\"article:publisher\" content=\"https:\/\/www.facebook.com\/sinodeen.de\/\" \/>\n<meta property=\"article:modified_time\" content=\"2020-12-08T20:15:55+00:00\" \/>\n<meta property=\"og:image\" content=\"https:\/\/sinodeen.com\/wp-content\/uploads\/2018\/07\/sinodeen_kaefigmolekuel3.jpg\" \/>\n<meta name=\"twitter:card\" content=\"summary_large_image\" \/>\n<meta name=\"twitter:label1\" content=\"Gesch\u00e4tzte Lesezeit\" \/>\n\t<meta name=\"twitter:data1\" content=\"5\u00a0Minuten\" \/>\n<script type=\"application\/ld+json\" class=\"yoast-schema-graph\">{\"@context\":\"https:\/\/schema.org\",\"@graph\":[{\"@type\":\"WebPage\",\"@id\":\"https:\/\/sinodeen.com\/en\/produkte\/\",\"url\":\"https:\/\/sinodeen.com\/en\/produkte\/\",\"name\":\"Air Cleaning Management GmbH | Products\",\"isPartOf\":{\"@id\":\"https:\/\/sinodeen.com\/#website\"},\"primaryImageOfPage\":{\"@id\":\"https:\/\/sinodeen.com\/en\/produkte\/#primaryimage\"},\"image\":{\"@id\":\"https:\/\/sinodeen.com\/en\/produkte\/#primaryimage\"},\"thumbnailUrl\":\"https:\/\/sinodeen.com\/wp-content\/uploads\/2018\/07\/sinodeen_kaefigmolekuel3.jpg\",\"datePublished\":\"2018-07-05T13:46:44+00:00\",\"dateModified\":\"2020-12-08T20:15:55+00:00\",\"breadcrumb\":{\"@id\":\"https:\/\/sinodeen.com\/en\/produkte\/#breadcrumb\"},\"inLanguage\":\"de\",\"potentialAction\":[{\"@type\":\"ReadAction\",\"target\":[\"https:\/\/sinodeen.com\/en\/produkte\/\"]}]},{\"@type\":\"ImageObject\",\"inLanguage\":\"de\",\"@id\":\"https:\/\/sinodeen.com\/en\/produkte\/#primaryimage\",\"url\":\"https:\/\/sinodeen.com\/wp-content\/uploads\/2018\/07\/sinodeen_kaefigmolekuel3.jpg\",\"contentUrl\":\"https:\/\/sinodeen.com\/wp-content\/uploads\/2018\/07\/sinodeen_kaefigmolekuel3.jpg\"},{\"@type\":\"BreadcrumbList\",\"@id\":\"https:\/\/sinodeen.com\/en\/produkte\/#breadcrumb\",\"itemListElement\":[{\"@type\":\"ListItem\",\"position\":1,\"name\":\"Startseite\",\"item\":\"https:\/\/sinodeen.com\/\"},{\"@type\":\"ListItem\",\"position\":2,\"name\":\"Sinodeen\"}]},{\"@type\":\"WebSite\",\"@id\":\"https:\/\/sinodeen.com\/#website\",\"url\":\"https:\/\/sinodeen.com\/\",\"name\":\"Sinodeen Air Cleaning\",\"description\":\"Saubere Luft - Made in Germany\",\"publisher\":{\"@id\":\"https:\/\/sinodeen.com\/#organization\"},\"potentialAction\":[{\"@type\":\"SearchAction\",\"target\":{\"@type\":\"EntryPoint\",\"urlTemplate\":\"https:\/\/sinodeen.com\/?s={search_term_string}\"},\"query-input\":{\"@type\":\"PropertyValueSpecification\",\"valueRequired\":true,\"valueName\":\"search_term_string\"}}],\"inLanguage\":\"de\"},{\"@type\":\"Organization\",\"@id\":\"https:\/\/sinodeen.com\/#organization\",\"name\":\"Sinodeen Air Cleaning\",\"url\":\"https:\/\/sinodeen.com\/\",\"logo\":{\"@type\":\"ImageObject\",\"inLanguage\":\"de\",\"@id\":\"https:\/\/sinodeen.com\/#\/schema\/logo\/image\/\",\"url\":\"https:\/\/sinodeen.com\/wp-content\/uploads\/2018\/07\/cropped-ACM_logo_footer.png\",\"contentUrl\":\"https:\/\/sinodeen.com\/wp-content\/uploads\/2018\/07\/cropped-ACM_logo_footer.png\",\"width\":175,\"height\":137,\"caption\":\"Sinodeen Air Cleaning\"},\"image\":{\"@id\":\"https:\/\/sinodeen.com\/#\/schema\/logo\/image\/\"},\"sameAs\":[\"https:\/\/www.facebook.com\/sinodeen.de\/\"]}]}<\/script>\n<!-- \/ Yoast SEO plugin. -->","yoast_head_json":{"title":"Air Cleaning Management GmbH | Products","robots":{"index":"index","follow":"follow","max-snippet":"max-snippet:-1","max-image-preview":"max-image-preview:large","max-video-preview":"max-video-preview:-1"},"canonical":"https:\/\/sinodeen.com\/en\/produkte\/","og_locale":"de_DE","og_type":"article","og_title":"Air Cleaning Management GmbH | Products","og_description":"Bei der Erforschung in der Natur vorkommender Molek\u00fcle wurden Makromolek\u00fcl\u00a0entdeckt, die zwischen netzartigen Atom- und Atomgruppenverbindungen Hohlr\u00e4ume bilden. Da die Strukturen der sogenannten Clathrate gitterf\u00f6rmig sind, werden sie auch als K\u00e4figmolek\u00fcle bezeichnet. Holger Meyer stie\u00df Anfang der 70er Jahre bei seiner Arbeit mit Pflanzenextrakten, \u00e4therischen \u00d6len und anderen organischen Stoffen auf diese Besonderheit. Er erkannte, [&hellip;]","og_url":"https:\/\/sinodeen.com\/en\/produkte\/","og_site_name":"Sinodeen Air Cleaning","article_publisher":"https:\/\/www.facebook.com\/sinodeen.de\/","article_modified_time":"2020-12-08T20:15:55+00:00","og_image":[{"url":"https:\/\/sinodeen.com\/wp-content\/uploads\/2018\/07\/sinodeen_kaefigmolekuel3.jpg","type":"","width":"","height":""}],"twitter_card":"summary_large_image","twitter_misc":{"Gesch\u00e4tzte Lesezeit":"5\u00a0Minuten"},"schema":{"@context":"https:\/\/schema.org","@graph":[{"@type":"WebPage","@id":"https:\/\/sinodeen.com\/en\/produkte\/","url":"https:\/\/sinodeen.com\/en\/produkte\/","name":"Air Cleaning Management GmbH | Products","isPartOf":{"@id":"https:\/\/sinodeen.com\/#website"},"primaryImageOfPage":{"@id":"https:\/\/sinodeen.com\/en\/produkte\/#primaryimage"},"image":{"@id":"https:\/\/sinodeen.com\/en\/produkte\/#primaryimage"},"thumbnailUrl":"https:\/\/sinodeen.com\/wp-content\/uploads\/2018\/07\/sinodeen_kaefigmolekuel3.jpg","datePublished":"2018-07-05T13:46:44+00:00","dateModified":"2020-12-08T20:15:55+00:00","breadcrumb":{"@id":"https:\/\/sinodeen.com\/en\/produkte\/#breadcrumb"},"inLanguage":"de","potentialAction":[{"@type":"ReadAction","target":["https:\/\/sinodeen.com\/en\/produkte\/"]}]},{"@type":"ImageObject","inLanguage":"de","@id":"https:\/\/sinodeen.com\/en\/produkte\/#primaryimage","url":"https:\/\/sinodeen.com\/wp-content\/uploads\/2018\/07\/sinodeen_kaefigmolekuel3.jpg","contentUrl":"https:\/\/sinodeen.com\/wp-content\/uploads\/2018\/07\/sinodeen_kaefigmolekuel3.jpg"},{"@type":"BreadcrumbList","@id":"https:\/\/sinodeen.com\/en\/produkte\/#breadcrumb","itemListElement":[{"@type":"ListItem","position":1,"name":"Startseite","item":"https:\/\/sinodeen.com\/"},{"@type":"ListItem","position":2,"name":"Sinodeen"}]},{"@type":"WebSite","@id":"https:\/\/sinodeen.com\/#website","url":"https:\/\/sinodeen.com\/","name":"Sinodeen Air Cleaning","description":"Saubere Luft - Made in Germany","publisher":{"@id":"https:\/\/sinodeen.com\/#organization"},"potentialAction":[{"@type":"SearchAction","target":{"@type":"EntryPoint","urlTemplate":"https:\/\/sinodeen.com\/?s={search_term_string}"},"query-input":{"@type":"PropertyValueSpecification","valueRequired":true,"valueName":"search_term_string"}}],"inLanguage":"de"},{"@type":"Organization","@id":"https:\/\/sinodeen.com\/#organization","name":"Sinodeen Air Cleaning","url":"https:\/\/sinodeen.com\/","logo":{"@type":"ImageObject","inLanguage":"de","@id":"https:\/\/sinodeen.com\/#\/schema\/logo\/image\/","url":"https:\/\/sinodeen.com\/wp-content\/uploads\/2018\/07\/cropped-ACM_logo_footer.png","contentUrl":"https:\/\/sinodeen.com\/wp-content\/uploads\/2018\/07\/cropped-ACM_logo_footer.png","width":175,"height":137,"caption":"Sinodeen Air Cleaning"},"image":{"@id":"https:\/\/sinodeen.com\/#\/schema\/logo\/image\/"},"sameAs":["https:\/\/www.facebook.com\/sinodeen.de\/"]}]}},"_links":{"self":[{"href":"https:\/\/sinodeen.com\/de\/wp-json\/wp\/v2\/pages\/549","targetHints":{"allow":["GET"]}}],"collection":[{"href":"https:\/\/sinodeen.com\/de\/wp-json\/wp\/v2\/pages"}],"about":[{"href":"https:\/\/sinodeen.com\/de\/wp-json\/wp\/v2\/types\/page"}],"author":[{"embeddable":true,"href":"https:\/\/sinodeen.com\/de\/wp-json\/wp\/v2\/users\/1"}],"replies":[{"embeddable":true,"href":"https:\/\/sinodeen.com\/de\/wp-json\/wp\/v2\/comments?post=549"}],"version-history":[{"count":71,"href":"https:\/\/sinodeen.com\/de\/wp-json\/wp\/v2\/pages\/549\/revisions"}],"predecessor-version":[{"id":1210,"href":"https:\/\/sinodeen.com\/de\/wp-json\/wp\/v2\/pages\/549\/revisions\/1210"}],"wp:attachment":[{"href":"https:\/\/sinodeen.com\/de\/wp-json\/wp\/v2\/media?parent=549"}],"curies":[{"name":"wp","href":"https:\/\/api.w.org\/{rel}","templated":true}]}}