{"id":353,"date":"2018-07-03T16:40:08","date_gmt":"2018-07-03T16:40:08","guid":{"rendered":"https:\/\/www.air-cleaning-management.de\/?page_id=353"},"modified":"2022-01-27T09:37:13","modified_gmt":"2022-01-27T09:37:13","slug":"sinodeen","status":"publish","type":"page","link":"https:\/\/sinodeen.com\/de\/sinodeen\/","title":{"rendered":"Info"},"content":{"rendered":"<p>Die Idee zur Entwicklung von Produkten f\u00fcr die effektive Luftreinigung auf innovativer, biologischer Basis hatte der professionelle Parf\u00fcmeur Holger Meyer, der seine biologischen und chemischen Kenntnisse daf\u00fcr nutzen konnte. Seit seinem Tode im Jahre 1994 liegt die Gesch\u00e4ftsleitung in den H\u00e4nden seines Sohnes Andreas Meyer, seit dem Jahre 2012 teilt er diese mit Frau Stephanie Meyer. Beide sind sowohl f\u00fcr die Qualit\u00e4t und die Weiterentwicklung der Wirkstoffe als auch f\u00fcr die kaufm\u00e4nnischen Bereiche verantwortlich.<\/p>\n<p>Mit dem Luftreinigungsprodukt\u00a0<strong>Sinodeen\u00ae<\/strong> verfolgt die Air Cleaning &amp; Management GmbH erfolgreich das Ziel, die Gesundheit und die Lebensqualit\u00e4t der Menschen zu sch\u00fctzen und zu verbessern. Dabei steht auch ein wirkungsvoller Schutz der Umwelt im Vordergrund.<\/p>\n<p><iframe loading=\"lazy\" src=\"https:\/\/www.youtube.com\/embed\/DDpcuneFe40?rel=0\" width=\"800\" height=\"450\" frameborder=\"0\" allowfullscreen=\"allowfullscreen\"><span style=\"display: inline-block; width: 0px; overflow: hidden; line-height: 0;\" data-mce-type=\"bookmark\" class=\"mce_SELRES_start\">\ufeff<\/span><\/iframe><\/p>\n<p>Der Vertrieb der Produkte im In- und Ausland erfolgt haupts\u00e4chlich \u00fcber selbst\u00e4ndige Vertretungen, die aufgrund ihrer langj\u00e4hrigen Erfahrungen mit <strong>Sinodeen\u00ae<\/strong>\u00a0in der Lage sind, ihren Kunden individuelle Komplettl\u00f6sungen f\u00fcr die jeweiligen Problemstellungen anzubieten. Bei Bedarf werden daf\u00fcr auch die erforderlichen technischen Anlagen installiert. Durch die N\u00e4he zum Kunden, kann stets eine intensive Betreu\u00adung gew\u00e4hrleistet werden.<\/p>\n<p>Die Effektivit\u00e4t der <strong>Sinodeen\u00ae<\/strong>\u00a0Produkte in Bezug auf Beseitigung von Geruchs- und Schadstoffen aus der Luft wurde von wissenschaftlichen Institutionen untersucht und nachgewiesen. Zahlreiche Tests und dauerhafte Eins\u00e4tze in den verschiedensten praktischen Anwendungsbereichen haben bereits \u00fcber viele Jahre die Untersuchungsergebnisse und damit die Qualit\u00e4t der Produkte nachhaltig best\u00e4\u00adti\u00adgen k\u00f6nnen.<\/p>\n<p>Aufgrund der vielf\u00e4ltigen Einsatzm\u00f6glichkeiten der Luftreinigungsprodukte und der zuneh\u00admen\u00ad\u00adden Bedeutung der Umwelt bieten die <strong>Sinodeen\u00ae<\/strong>Produkte \u00a0auch in Zukunft weltweite Einsatz\u00adm\u00f6g\u00adlich\u00ad\u00adkeiten bei den verschiedensten Problemstellungen.<\/p>\n<p><strong><br \/>\nNoch mehr Wissenswertes zu unseren Produkten finden Sie in unserer Informationsbrosch\u00fcre:<\/strong><\/p>\n<p><i class=\"fa fa-arrow-circle-down\"><\/i> <a href=\"https:\/\/sinodeen.com\/wp-content\/uploads\/2022\/01\/ACM_Broschuere_04_Web.pdf\" target=\"_blank\" rel=\"noopener noreferrer\">SINODEEN\u00ae-Informationsbrosch\u00fcre DE\/EN<\/a><\/p>\n<div><\/div>\n<p><\/p>","protected":false},"excerpt":{"rendered":"<p>Die Idee zur Entwicklung von Produkten f\u00fcr die effektive Luftreinigung auf innovativer, biologischer Basis hatte der professionelle Parf\u00fcmeur Holger Meyer, der seine biologischen und chemischen Kenntnisse daf\u00fcr nutzen konnte. Seit seinem Tode im Jahre 1994 liegt die Gesch\u00e4ftsleitung in den H\u00e4nden seines Sohnes Andreas Meyer, seit dem Jahre 2012 teilt er diese mit Frau Stephanie [&hellip;]<\/p>\n","protected":false},"author":1,"featured_media":0,"parent":0,"menu_order":2,"comment_status":"closed","ping_status":"closed","template":"","meta":{"footnotes":""},"class_list":["post-353","page","type-page","status-publish","hentry"],"yoast_head":"<!-- This site is optimized with the Yoast SEO plugin v27.2 - https:\/\/yoast.com\/product\/yoast-seo-wordpress\/ -->\n<title>Air Cleaning Management GmbH | Sinodeen | Germany | Clean Air<\/title>\n<meta name=\"description\" content=\"Effektive Luftreinigung \u2705 Effective Air Purification effective air purification \u2714\ufe0fremoval of odors and pollutants from the air \u2714\ufe0f More informations, here -&gt;\" \/>\n<meta name=\"robots\" content=\"index, follow, max-snippet:-1, max-image-preview:large, max-video-preview:-1\" \/>\n<link rel=\"canonical\" href=\"https:\/\/sinodeen.com\/sinodeen\/\" \/>\n<meta property=\"og:locale\" content=\"de_DE\" \/>\n<meta property=\"og:type\" content=\"article\" \/>\n<meta property=\"og:title\" content=\"Air Cleaning Management GmbH | Sinodeen | Germany | Clean Air\" \/>\n<meta property=\"og:description\" content=\"{:de}Effektive Luftreinigung \u2705 Effective Air Purification effective air purification \u2714\ufe0fremoval of odors and pollutants from the air \u2714\ufe0f More informations, here -&gt;{:en} Sinodeen \u2705 Gesundheit und die Lebensqualit\u00e4t der Menschen \u2714\ufe0f wirkungsvoller Schutz der Umwelt \u2714\ufe0f Beseitigung von Geruchs- und Schadstoffen aus der Luft{:}\" \/>\n<meta property=\"og:url\" content=\"https:\/\/sinodeen.com\/sinodeen\/\" \/>\n<meta property=\"og:site_name\" content=\"Sinodeen Air Cleaning\" \/>\n<meta property=\"article:publisher\" content=\"https:\/\/www.facebook.com\/sinodeen.de\/\" \/>\n<meta property=\"article:modified_time\" content=\"2022-01-27T09:37:13+00:00\" \/>\n<meta name=\"twitter:card\" content=\"summary_large_image\" \/>\n<meta name=\"twitter:label1\" content=\"Gesch\u00e4tzte Lesezeit\" \/>\n\t<meta name=\"twitter:data1\" content=\"2\u00a0Minuten\" \/>\n<script type=\"application\/ld+json\" class=\"yoast-schema-graph\">{\"@context\":\"https:\/\/schema.org\",\"@graph\":[{\"@type\":\"WebPage\",\"@id\":\"https:\/\/sinodeen.com\/sinodeen\/\",\"url\":\"https:\/\/sinodeen.com\/sinodeen\/\",\"name\":\"Air Cleaning Management GmbH | Sinodeen | Germany | Clean Air\",\"isPartOf\":{\"@id\":\"https:\/\/sinodeen.com\/#website\"},\"datePublished\":\"2018-07-03T16:40:08+00:00\",\"dateModified\":\"2022-01-27T09:37:13+00:00\",\"description\":\"{:de}Effektive Luftreinigung \u2705 Effective Air Purification effective air purification \u2714\ufe0fremoval of odors and pollutants from the air \u2714\ufe0f More informations, here ->{:en} Sinodeen \u2705 Gesundheit und die Lebensqualit\u00e4t der Menschen \u2714\ufe0f wirkungsvoller Schutz der Umwelt \u2714\ufe0f Beseitigung von Geruchs- und Schadstoffen aus der Luft{:}\",\"breadcrumb\":{\"@id\":\"https:\/\/sinodeen.com\/sinodeen\/#breadcrumb\"},\"inLanguage\":\"de\",\"potentialAction\":[{\"@type\":\"ReadAction\",\"target\":[\"https:\/\/sinodeen.com\/sinodeen\/\"]}]},{\"@type\":\"BreadcrumbList\",\"@id\":\"https:\/\/sinodeen.com\/sinodeen\/#breadcrumb\",\"itemListElement\":[{\"@type\":\"ListItem\",\"position\":1,\"name\":\"Startseite\",\"item\":\"https:\/\/sinodeen.com\/\"},{\"@type\":\"ListItem\",\"position\":2,\"name\":\"Info\"}]},{\"@type\":\"WebSite\",\"@id\":\"https:\/\/sinodeen.com\/#website\",\"url\":\"https:\/\/sinodeen.com\/\",\"name\":\"Sinodeen Air Cleaning\",\"description\":\"Saubere Luft - Made in Germany\",\"publisher\":{\"@id\":\"https:\/\/sinodeen.com\/#organization\"},\"potentialAction\":[{\"@type\":\"SearchAction\",\"target\":{\"@type\":\"EntryPoint\",\"urlTemplate\":\"https:\/\/sinodeen.com\/?s={search_term_string}\"},\"query-input\":{\"@type\":\"PropertyValueSpecification\",\"valueRequired\":true,\"valueName\":\"search_term_string\"}}],\"inLanguage\":\"de\"},{\"@type\":\"Organization\",\"@id\":\"https:\/\/sinodeen.com\/#organization\",\"name\":\"Sinodeen Air Cleaning\",\"url\":\"https:\/\/sinodeen.com\/\",\"logo\":{\"@type\":\"ImageObject\",\"inLanguage\":\"de\",\"@id\":\"https:\/\/sinodeen.com\/#\/schema\/logo\/image\/\",\"url\":\"https:\/\/sinodeen.com\/wp-content\/uploads\/2018\/07\/cropped-ACM_logo_footer.png\",\"contentUrl\":\"https:\/\/sinodeen.com\/wp-content\/uploads\/2018\/07\/cropped-ACM_logo_footer.png\",\"width\":175,\"height\":137,\"caption\":\"Sinodeen Air Cleaning\"},\"image\":{\"@id\":\"https:\/\/sinodeen.com\/#\/schema\/logo\/image\/\"},\"sameAs\":[\"https:\/\/www.facebook.com\/sinodeen.de\/\"]}]}<\/script>\n<!-- \/ Yoast SEO plugin. -->","yoast_head_json":{"title":"Air Cleaning Management GmbH | Sinodeen | Germany | Clean Air","description":"Effektive Luftreinigung \u2705 Effective Air Purification effective air purification \u2714\ufe0fremoval of odors and pollutants from the air \u2714\ufe0f More informations, here ->","robots":{"index":"index","follow":"follow","max-snippet":"max-snippet:-1","max-image-preview":"max-image-preview:large","max-video-preview":"max-video-preview:-1"},"canonical":"https:\/\/sinodeen.com\/sinodeen\/","og_locale":"de_DE","og_type":"article","og_title":"Air Cleaning Management GmbH | Sinodeen | Germany | Clean Air","og_description":"{:de}Effektive Luftreinigung \u2705 Effective Air Purification effective air purification \u2714\ufe0fremoval of odors and pollutants from the air \u2714\ufe0f More informations, here ->{:en} Sinodeen \u2705 Gesundheit und die Lebensqualit\u00e4t der Menschen \u2714\ufe0f wirkungsvoller Schutz der Umwelt \u2714\ufe0f Beseitigung von Geruchs- und Schadstoffen aus der Luft{:}","og_url":"https:\/\/sinodeen.com\/sinodeen\/","og_site_name":"Sinodeen Air Cleaning","article_publisher":"https:\/\/www.facebook.com\/sinodeen.de\/","article_modified_time":"2022-01-27T09:37:13+00:00","twitter_card":"summary_large_image","twitter_misc":{"Gesch\u00e4tzte Lesezeit":"2\u00a0Minuten"},"schema":{"@context":"https:\/\/schema.org","@graph":[{"@type":"WebPage","@id":"https:\/\/sinodeen.com\/sinodeen\/","url":"https:\/\/sinodeen.com\/sinodeen\/","name":"Air Cleaning Management GmbH | Sinodeen | Germany | Clean Air","isPartOf":{"@id":"https:\/\/sinodeen.com\/#website"},"datePublished":"2018-07-03T16:40:08+00:00","dateModified":"2022-01-27T09:37:13+00:00","description":"{:de}Effektive Luftreinigung \u2705 Effective Air Purification effective air purification \u2714\ufe0fremoval of odors and pollutants from the air \u2714\ufe0f More informations, here ->{:en} Sinodeen \u2705 Gesundheit und die Lebensqualit\u00e4t der Menschen \u2714\ufe0f wirkungsvoller Schutz der Umwelt \u2714\ufe0f Beseitigung von Geruchs- und Schadstoffen aus der Luft{:}","breadcrumb":{"@id":"https:\/\/sinodeen.com\/sinodeen\/#breadcrumb"},"inLanguage":"de","potentialAction":[{"@type":"ReadAction","target":["https:\/\/sinodeen.com\/sinodeen\/"]}]},{"@type":"BreadcrumbList","@id":"https:\/\/sinodeen.com\/sinodeen\/#breadcrumb","itemListElement":[{"@type":"ListItem","position":1,"name":"Startseite","item":"https:\/\/sinodeen.com\/"},{"@type":"ListItem","position":2,"name":"Info"}]},{"@type":"WebSite","@id":"https:\/\/sinodeen.com\/#website","url":"https:\/\/sinodeen.com\/","name":"Sinodeen Air Cleaning","description":"Saubere Luft - Made in Germany","publisher":{"@id":"https:\/\/sinodeen.com\/#organization"},"potentialAction":[{"@type":"SearchAction","target":{"@type":"EntryPoint","urlTemplate":"https:\/\/sinodeen.com\/?s={search_term_string}"},"query-input":{"@type":"PropertyValueSpecification","valueRequired":true,"valueName":"search_term_string"}}],"inLanguage":"de"},{"@type":"Organization","@id":"https:\/\/sinodeen.com\/#organization","name":"Sinodeen Air Cleaning","url":"https:\/\/sinodeen.com\/","logo":{"@type":"ImageObject","inLanguage":"de","@id":"https:\/\/sinodeen.com\/#\/schema\/logo\/image\/","url":"https:\/\/sinodeen.com\/wp-content\/uploads\/2018\/07\/cropped-ACM_logo_footer.png","contentUrl":"https:\/\/sinodeen.com\/wp-content\/uploads\/2018\/07\/cropped-ACM_logo_footer.png","width":175,"height":137,"caption":"Sinodeen Air Cleaning"},"image":{"@id":"https:\/\/sinodeen.com\/#\/schema\/logo\/image\/"},"sameAs":["https:\/\/www.facebook.com\/sinodeen.de\/"]}]}},"_links":{"self":[{"href":"https:\/\/sinodeen.com\/de\/wp-json\/wp\/v2\/pages\/353","targetHints":{"allow":["GET"]}}],"collection":[{"href":"https:\/\/sinodeen.com\/de\/wp-json\/wp\/v2\/pages"}],"about":[{"href":"https:\/\/sinodeen.com\/de\/wp-json\/wp\/v2\/types\/page"}],"author":[{"embeddable":true,"href":"https:\/\/sinodeen.com\/de\/wp-json\/wp\/v2\/users\/1"}],"replies":[{"embeddable":true,"href":"https:\/\/sinodeen.com\/de\/wp-json\/wp\/v2\/comments?post=353"}],"version-history":[{"count":25,"href":"https:\/\/sinodeen.com\/de\/wp-json\/wp\/v2\/pages\/353\/revisions"}],"predecessor-version":[{"id":1290,"href":"https:\/\/sinodeen.com\/de\/wp-json\/wp\/v2\/pages\/353\/revisions\/1290"}],"wp:attachment":[{"href":"https:\/\/sinodeen.com\/de\/wp-json\/wp\/v2\/media?parent=353"}],"curies":[{"name":"wp","href":"https:\/\/api.w.org\/{rel}","templated":true}]}}