{"id":213,"date":"2017-01-23T12:15:32","date_gmt":"2017-01-23T12:15:32","guid":{"rendered":"https:\/\/8degreethemes.com\/demo\/eight-sec\/?page_id=213"},"modified":"2018-08-03T15:23:34","modified_gmt":"2018-08-03T15:23:34","slug":"kontakt","status":"publish","type":"page","link":"https:\/\/sinodeen.com\/de\/kontakt\/","title":{"rendered":"Kontakt"},"content":{"rendered":"<h2>Air Cleaning &amp; Management GmbH<\/h2>\n<p>Schlosskamp 10<br \/>\n22880 Wedel<br \/>\nTel.: +49 (0)4103 &#8211; 904 34-60<br \/>\nMobil: +49 (0)151 &#8211; 165 129 91<br \/>\nwww.sinodeen.com<\/p>\n\n<div class=\"wpcf7 no-js\" id=\"wpcf7-f659-o1\" lang=\"de-DE\" dir=\"ltr\" data-wpcf7-id=\"659\">\n<div class=\"screen-reader-response\"><p role=\"status\" aria-live=\"polite\" aria-atomic=\"true\"><\/p> <ul><\/ul><\/div>\n<form action=\"\/de\/wp-json\/wp\/v2\/pages\/213#wpcf7-f659-o1\" method=\"post\" class=\"wpcf7-form init\" aria-label=\"Kontaktformular\" novalidate=\"novalidate\" data-status=\"init\">\n<fieldset class=\"hidden-fields-container\"><input type=\"hidden\" name=\"_wpcf7\" value=\"659\" \/><input type=\"hidden\" name=\"_wpcf7_version\" value=\"6.1.5\" \/><input type=\"hidden\" name=\"_wpcf7_locale\" value=\"de_DE\" \/><input type=\"hidden\" name=\"_wpcf7_unit_tag\" value=\"wpcf7-f659-o1\" \/><input type=\"hidden\" name=\"_wpcf7_container_post\" value=\"0\" \/><input type=\"hidden\" name=\"_wpcf7_posted_data_hash\" value=\"\" \/>\n<\/fieldset>\n<p><label> Name*<br \/>\n<span class=\"wpcf7-form-control-wrap\" data-name=\"your-name\"><input size=\"40\" maxlength=\"400\" class=\"wpcf7-form-control wpcf7-text wpcf7-validates-as-required\" aria-required=\"true\" aria-invalid=\"false\" value=\"\" type=\"text\" name=\"your-name\" \/><\/span> <\/label>\n<\/p>\n<p><label> E-Mail-Adresse*<br \/>\n<span class=\"wpcf7-form-control-wrap\" data-name=\"your-email\"><input size=\"40\" maxlength=\"400\" class=\"wpcf7-form-control wpcf7-email wpcf7-validates-as-required wpcf7-text wpcf7-validates-as-email\" aria-required=\"true\" aria-invalid=\"false\" value=\"\" type=\"email\" name=\"your-email\" \/><\/span> <\/label>\n<\/p>\n<p><label> Betreff<br \/>\n<span class=\"wpcf7-form-control-wrap\" data-name=\"your-subject\"><input size=\"40\" maxlength=\"400\" class=\"wpcf7-form-control wpcf7-text\" aria-invalid=\"false\" value=\"\" type=\"text\" name=\"your-subject\" \/><\/span> <\/label>\n<\/p>\n<p><label> Nachricht*<br \/>\n<span class=\"wpcf7-form-control-wrap\" data-name=\"your-message\"><textarea cols=\"40\" rows=\"10\" maxlength=\"2000\" class=\"wpcf7-form-control wpcf7-textarea\" aria-invalid=\"false\" name=\"your-message\"><\/textarea><\/span> <\/label>\n<\/p>\n<p><span class=\"wpcf7-form-control-wrap kc_captcha\" data-name=\"kc_captcha\"><span class=\"wpcf7-form-control wpcf7-radio\"><span class=\"captcha-image\" ><span class=\"cf7ic_instructions\">Bitte beweise, dass du kein Spambot bist und w\u00e4hle das Symbol<span> Haus<\/span>.<\/span><label><input aria-label=\"1\" type=\"radio\" name=\"kc_captcha\" value=\"kc_human\" \/><svg aria-hidden=\"true\" role=\"img\" xmlns=\"http:\/\/www.w3.org\/2000\/svg\" viewBox=\"0 0 576 512\"><path fill=\"currentColor\" d=\"M488 313v143c0 13-11 24-24 24H348c-7 0-12-5-12-12V356c0-7-5-12-12-12h-72c-7 0-12 5-12 12v112c0 7-5 12-12 12H112c-13 0-24-11-24-24V313c0-4 2-7 4-10l188-154c5-4 11-4 16 0l188 154c2 3 4 6 4 10zm84-61l-84-69V44c0-6-5-12-12-12h-56c-7 0-12 6-12 12v73l-89-74a48 48 0 00-61 0L4 252c-5 4-5 12-1 17l25 31c5 5 12 5 17 1l235-193c5-4 11-4 16 0l235 193c5 5 13 4 17-1l25-31c4-6 4-13-1-17z\"\/><\/svg><\/label><label><input aria-label=\"2\" type=\"radio\" name=\"kc_captcha\" value=\"bot\" \/><svg aria-hidden=\"true\" role=\"img\" xmlns=\"http:\/\/www.w3.org\/2000\/svg\" viewBox=\"0 0 640 512\"><path fill=\"currentColor\" d=\"M192 384h192c53 0 96-43 96-96h32a128 128 0 000-256H120c-13 0-24 11-24 24v232c0 53 43 96 96 96zM512 96a64 64 0 010 128h-32V96h32zm48 384H48c-47 0-61-64-36-64h584c25 0 11 64-36 64z\"\/><\/svg><\/label><label><input aria-label=\"3\" type=\"radio\" name=\"kc_captcha\" value=\"bot\" \/><svg aria-hidden=\"true\" role=\"img\" xmlns=\"http:\/\/www.w3.org\/2000\/svg\" viewBox=\"0 0 512 512\"><path fill=\"currentColor\" d=\"M350 99c-54 0-98-35-166-35-25 0-47 4-68 12a56 56 0 004-24C118 24 95 1 66 0a56 56 0 00-34 102v386c0 13 11 24 24 24h16c13 0 24-11 24-24v-94c28-12 64-23 114-23 54 0 98 35 166 35 48 0 86-16 122-41 9-6 14-15 14-26V96c0-23-24-39-45-29-35 16-77 32-117 32z\"\/><\/svg><\/label>\r\n    <\/span>\r\n    <span style=\"display:none\">\r\n        <input type=\"text\" name=\"kc_honeypot\">\r\n    <\/span><\/span><\/span>\n<\/p>\n<p><input class=\"wpcf7-form-control wpcf7-submit has-spinner\" type=\"submit\" value=\"Senden\" \/>\n<\/p>\n<p><span class=\"wpcf7-form-control-wrap\" data-name=\"acceptance-289\"><span class=\"wpcf7-form-control wpcf7-acceptance\"><span class=\"wpcf7-list-item\"><label><input type=\"checkbox\" name=\"acceptance-289\" value=\"1\" aria-invalid=\"false\" \/><span class=\"wpcf7-list-item-label\">Ich stimme zu, dass meine Angaben aus dem Kontaktformular zur Beantwortung meiner Anfrage erhoben und verarbeitet werden. Hinweis: Die Daten werden nach abgeschlossener Bearbeitung Ihrer Anfrage gel\u00f6scht. Sie k\u00f6nnen Ihre Einwilligung jederzeit f\u00fcr die Zukunft per E-Mail an info@air-cleaning-management.de widerrufen. Detaillierte Informationen zum Umgang mit Nutzerdaten finden Sie in unserer <a href=\"\/air-cleaning-management\/datenschutz\/\" style=\"color: #1e2649\">Datenschutzerkl\u00e4rung<\/a>.<\/span><\/label><\/span><\/span><\/span>\n<\/p>\n<p><iframe loading=\"lazy\" src=\"https:\/\/www.google.com\/maps\/embed?pb=!1m18!1m12!1m3!1d2369.097686207991!2d9.700075951583587!3d53.573873165247!2m3!1f0!2f0!3f0!3m2!1i1024!2i768!4f13.1!3m3!1m2!1s0x47b1789cf0ce0fef%3A0x681c092f4c35d12e!2sSchlo%C3%9Fkamp+10%2C+22880+Wedel!5e0!3m2!1sde!2sde!4v1531238275333\" width=\"800\" height=\"600\" frameborder=\"0\" style=\"border:0\" allowfullscreen><\/iframe>\n<\/p><div class=\"wpcf7-response-output\" aria-hidden=\"true\"><\/div>\n<\/form>\n<\/div>\n\n","protected":false},"excerpt":{"rendered":"<p>Air Cleaning &amp; Management GmbH Schlosskamp 10 22880 Wedel Tel.: +49 (0)4103 &#8211; 904 34-60 Mobil: +49 (0)151 &#8211; 165 129 91 www.sinodeen.com<\/p>\n","protected":false},"author":1,"featured_media":0,"parent":0,"menu_order":8,"comment_status":"closed","ping_status":"closed","template":"","meta":{"footnotes":""},"class_list":["post-213","page","type-page","status-publish","hentry"],"yoast_head":"<!-- This site is optimized with the Yoast SEO plugin v27.2 - https:\/\/yoast.com\/product\/yoast-seo-wordpress\/ -->\n<title>Air Cleaning Management GmbH | Kontakt<\/title>\n<meta name=\"robots\" content=\"index, follow, max-snippet:-1, max-image-preview:large, max-video-preview:-1\" \/>\n<link rel=\"canonical\" href=\"https:\/\/sinodeen.com\/kontakt\/\" \/>\n<meta property=\"og:locale\" content=\"de_DE\" \/>\n<meta property=\"og:type\" content=\"article\" \/>\n<meta property=\"og:title\" content=\"Air Cleaning Management GmbH | Kontakt\" \/>\n<meta property=\"og:description\" content=\"Air Cleaning &amp; Management GmbH Schlosskamp 10 22880 Wedel Tel.: +49 (0)4103 &#8211; 904 34-60 Mobil: +49 (0)151 &#8211; 165 129 91 www.sinodeen.com\" \/>\n<meta property=\"og:url\" content=\"https:\/\/sinodeen.com\/kontakt\/\" \/>\n<meta property=\"og:site_name\" content=\"Sinodeen Air Cleaning\" \/>\n<meta property=\"article:publisher\" content=\"https:\/\/www.facebook.com\/sinodeen.de\/\" \/>\n<meta property=\"article:modified_time\" content=\"2018-08-03T15:23:34+00:00\" \/>\n<meta name=\"twitter:card\" content=\"summary_large_image\" \/>\n<script type=\"application\/ld+json\" class=\"yoast-schema-graph\">{\"@context\":\"https:\/\/schema.org\",\"@graph\":[{\"@type\":\"WebPage\",\"@id\":\"https:\/\/sinodeen.com\/kontakt\/\",\"url\":\"https:\/\/sinodeen.com\/kontakt\/\",\"name\":\"Air Cleaning Management GmbH | Kontakt\",\"isPartOf\":{\"@id\":\"https:\/\/sinodeen.com\/#website\"},\"datePublished\":\"2017-01-23T12:15:32+00:00\",\"dateModified\":\"2018-08-03T15:23:34+00:00\",\"breadcrumb\":{\"@id\":\"https:\/\/sinodeen.com\/kontakt\/#breadcrumb\"},\"inLanguage\":\"de\",\"potentialAction\":[{\"@type\":\"ReadAction\",\"target\":[\"https:\/\/sinodeen.com\/kontakt\/\"]}]},{\"@type\":\"BreadcrumbList\",\"@id\":\"https:\/\/sinodeen.com\/kontakt\/#breadcrumb\",\"itemListElement\":[{\"@type\":\"ListItem\",\"position\":1,\"name\":\"Startseite\",\"item\":\"https:\/\/sinodeen.com\/\"},{\"@type\":\"ListItem\",\"position\":2,\"name\":\"Kontakt\"}]},{\"@type\":\"WebSite\",\"@id\":\"https:\/\/sinodeen.com\/#website\",\"url\":\"https:\/\/sinodeen.com\/\",\"name\":\"Sinodeen Air Cleaning\",\"description\":\"Saubere Luft - Made in Germany\",\"publisher\":{\"@id\":\"https:\/\/sinodeen.com\/#organization\"},\"potentialAction\":[{\"@type\":\"SearchAction\",\"target\":{\"@type\":\"EntryPoint\",\"urlTemplate\":\"https:\/\/sinodeen.com\/?s={search_term_string}\"},\"query-input\":{\"@type\":\"PropertyValueSpecification\",\"valueRequired\":true,\"valueName\":\"search_term_string\"}}],\"inLanguage\":\"de\"},{\"@type\":\"Organization\",\"@id\":\"https:\/\/sinodeen.com\/#organization\",\"name\":\"Sinodeen Air Cleaning\",\"url\":\"https:\/\/sinodeen.com\/\",\"logo\":{\"@type\":\"ImageObject\",\"inLanguage\":\"de\",\"@id\":\"https:\/\/sinodeen.com\/#\/schema\/logo\/image\/\",\"url\":\"https:\/\/sinodeen.com\/wp-content\/uploads\/2018\/07\/cropped-ACM_logo_footer.png\",\"contentUrl\":\"https:\/\/sinodeen.com\/wp-content\/uploads\/2018\/07\/cropped-ACM_logo_footer.png\",\"width\":175,\"height\":137,\"caption\":\"Sinodeen Air Cleaning\"},\"image\":{\"@id\":\"https:\/\/sinodeen.com\/#\/schema\/logo\/image\/\"},\"sameAs\":[\"https:\/\/www.facebook.com\/sinodeen.de\/\"]}]}<\/script>\n<!-- \/ Yoast SEO plugin. -->","yoast_head_json":{"title":"Air Cleaning Management GmbH | Kontakt","robots":{"index":"index","follow":"follow","max-snippet":"max-snippet:-1","max-image-preview":"max-image-preview:large","max-video-preview":"max-video-preview:-1"},"canonical":"https:\/\/sinodeen.com\/kontakt\/","og_locale":"de_DE","og_type":"article","og_title":"Air Cleaning Management GmbH | Kontakt","og_description":"Air Cleaning &amp; Management GmbH Schlosskamp 10 22880 Wedel Tel.: +49 (0)4103 &#8211; 904 34-60 Mobil: +49 (0)151 &#8211; 165 129 91 www.sinodeen.com","og_url":"https:\/\/sinodeen.com\/kontakt\/","og_site_name":"Sinodeen Air Cleaning","article_publisher":"https:\/\/www.facebook.com\/sinodeen.de\/","article_modified_time":"2018-08-03T15:23:34+00:00","twitter_card":"summary_large_image","schema":{"@context":"https:\/\/schema.org","@graph":[{"@type":"WebPage","@id":"https:\/\/sinodeen.com\/kontakt\/","url":"https:\/\/sinodeen.com\/kontakt\/","name":"Air Cleaning Management GmbH | Kontakt","isPartOf":{"@id":"https:\/\/sinodeen.com\/#website"},"datePublished":"2017-01-23T12:15:32+00:00","dateModified":"2018-08-03T15:23:34+00:00","breadcrumb":{"@id":"https:\/\/sinodeen.com\/kontakt\/#breadcrumb"},"inLanguage":"de","potentialAction":[{"@type":"ReadAction","target":["https:\/\/sinodeen.com\/kontakt\/"]}]},{"@type":"BreadcrumbList","@id":"https:\/\/sinodeen.com\/kontakt\/#breadcrumb","itemListElement":[{"@type":"ListItem","position":1,"name":"Startseite","item":"https:\/\/sinodeen.com\/"},{"@type":"ListItem","position":2,"name":"Kontakt"}]},{"@type":"WebSite","@id":"https:\/\/sinodeen.com\/#website","url":"https:\/\/sinodeen.com\/","name":"Sinodeen Air Cleaning","description":"Saubere Luft - Made in Germany","publisher":{"@id":"https:\/\/sinodeen.com\/#organization"},"potentialAction":[{"@type":"SearchAction","target":{"@type":"EntryPoint","urlTemplate":"https:\/\/sinodeen.com\/?s={search_term_string}"},"query-input":{"@type":"PropertyValueSpecification","valueRequired":true,"valueName":"search_term_string"}}],"inLanguage":"de"},{"@type":"Organization","@id":"https:\/\/sinodeen.com\/#organization","name":"Sinodeen Air Cleaning","url":"https:\/\/sinodeen.com\/","logo":{"@type":"ImageObject","inLanguage":"de","@id":"https:\/\/sinodeen.com\/#\/schema\/logo\/image\/","url":"https:\/\/sinodeen.com\/wp-content\/uploads\/2018\/07\/cropped-ACM_logo_footer.png","contentUrl":"https:\/\/sinodeen.com\/wp-content\/uploads\/2018\/07\/cropped-ACM_logo_footer.png","width":175,"height":137,"caption":"Sinodeen Air Cleaning"},"image":{"@id":"https:\/\/sinodeen.com\/#\/schema\/logo\/image\/"},"sameAs":["https:\/\/www.facebook.com\/sinodeen.de\/"]}]}},"_links":{"self":[{"href":"https:\/\/sinodeen.com\/de\/wp-json\/wp\/v2\/pages\/213","targetHints":{"allow":["GET"]}}],"collection":[{"href":"https:\/\/sinodeen.com\/de\/wp-json\/wp\/v2\/pages"}],"about":[{"href":"https:\/\/sinodeen.com\/de\/wp-json\/wp\/v2\/types\/page"}],"author":[{"embeddable":true,"href":"https:\/\/sinodeen.com\/de\/wp-json\/wp\/v2\/users\/1"}],"replies":[{"embeddable":true,"href":"https:\/\/sinodeen.com\/de\/wp-json\/wp\/v2\/comments?post=213"}],"version-history":[{"count":6,"href":"https:\/\/sinodeen.com\/de\/wp-json\/wp\/v2\/pages\/213\/revisions"}],"predecessor-version":[{"id":930,"href":"https:\/\/sinodeen.com\/de\/wp-json\/wp\/v2\/pages\/213\/revisions\/930"}],"wp:attachment":[{"href":"https:\/\/sinodeen.com\/de\/wp-json\/wp\/v2\/media?parent=213"}],"curies":[{"name":"wp","href":"https:\/\/api.w.org\/{rel}","templated":true}]}}